{"id":1327,"date":"2014-03-27T10:11:17","date_gmt":"2014-03-27T10:11:17","guid":{"rendered":"http:\/\/www.elmaxzilina.sk\/?page_id=1327"},"modified":"2018-05-16T05:46:10","modified_gmt":"2018-05-16T05:46:10","slug":"o-firme","status":"publish","type":"page","link":"https:\/\/www.elmaxzilina.sk\/en\/o-firme\/","title":{"rendered":"O firme"},"content":{"rendered":"<div class=\"row\">\n\t<div class=\"spb_parallax_asset sf-parallax spb_content_element bg-type-cover span12 mt0 bt0 bb0 alt-bg none\" style=\"background-image: url(https:\/\/www.elmaxzilina.sk\/wp-content\/uploads\/2014\/03\/o_firme.jpg);\">\n\t\t<div class=\"spb_content_wrapper\">\n\t\t\t\n<div style=\"padding: 30px; font-family: Helvetica, Arial; font-size: 36px; color: #ffffff; background-color: #034b80; white-space: normal; width: auto; height: auto; border-width: 0px; opacity: 1; scale(1, 1); margin-left: 0px; margin-top: 0px; display: inline-block; visibility: visible; background-position: initial initial; background-repeat: initial initial;\">O firme<\/div>\n<p><!-- --><\/p>\n<div style=\"padding: 30px; font-family: Helvetica, Arial; font-size: 18px; line-height: 130%; color: #ffffff; background-color: #3da7d0; white-space: normal; width: 60%; height: auto; border-width: 0px; opacity: 1; scale(1, 1); margin-left: 0px; margin-top: 0px; display: inline-block; visibility: visible; background-position: initial initial; background-repeat: initial initial;\">Na trhu p\u00f4sob\u00edme u\u017e od roku 1993. Sme v\u00fdznamn\u00fdm slovensk\u00fdm v\u00fdrobcom rozv\u00e1dza\u010dov n\u00edzkeho nap\u00e4tia pre naj\u0161ir\u0161ie pou\u017eitie. Okrem elektrov\u00fdroby sa zameriavame na kovov\u00fdrobu a automatiz\u00e1ciu v priemysle.<\/div>\n\n\t\t<\/div> \n\t<\/div> <\/div>\n <div class=\"row\">\n\t<div class=\"full-width-text wpb_content_element span12 noarrow bt0 bb0 wpb_text_column\">\n\t\t<div class=\"wpb_wrapper clearfix\">\n\t\t\t\n<div class=\"one_half\">Spolo\u010dnos\u0165 ELMAX \u017dILINA, a.s., je v\u00fdznamn\u00fdm slovensk\u00fdm producentom elektrotechnick\u00fdch zariaden\u00ed do 1000 V \/ 2500 A. Na trhu p\u00f4sob\u00ed od roku 1993. Vo v\u0161etk\u00fdch svojich \u010dinnostiach sa opiera o dlhoro\u010dn\u00e9 sk\u00fasenosti svojich pracovn\u00edkov a bohat\u00fa trad\u00edciu v odbore. V plnom rozsahu vykon\u00e1va organiza\u010dn\u00fa, technick\u00fa, v\u00fdrobn\u00fa, mont\u00e1\u017enu a odbytov\u00fa \u010dinnos\u0165. V\u00fdrobn\u00e9, obchodn\u00e9 priestory a s\u00eddlo firmy sa nach\u00e1dzaj\u00fa v priemyselnej z\u00f3ne \u017diliny v mestskej \u010dasti Byt\u010dica.<\/p>\n<p>V s\u00fa\u010dasnosti spolo\u010dnos\u0165 zamestn\u00e1va 110 pracovn\u00edkov. V spolo\u010dnosti je zaveden\u00fd certifikovan\u00fd syst\u00e9m mana\u017e\u00e9rstva kvality pod\u013ea ISO9001, \u010do dokumentuje kvalitu vykon\u00e1vanej pr\u00e1ce vo v\u0161etk\u00fdch oblastiach a takisto d\u00e1va z\u00e1ruku jej neust\u00e1leho zvy\u0161ovania. Spolo\u010dnos\u0165 taktie\u017e vlastn\u00ed certifik\u00e1ty CE pre eur\u00f3psky trh a UL pre americk\u00fd a kanadsk\u00fd trh. V\u00fdroba sa s\u00fastre\u010fuje na v\u00fdrobu rozv\u00e1dza\u010dov typov\u00e9ho a atypick\u00e9ho vyhotovenia do 1000 V\/2500 A pre ob\u010diansku a priemyseln\u00fa v\u00fdstavbu, energetiku, na signaliz\u00e1ciu, regul\u00e1ciu a kontrolu technologick\u00fdch procesov, skri\u0148ov\u00e9 syst\u00e9my a kompenza\u010dn\u00e9 zariadenia jalov\u00e9ho v\u00fdkonu.<\/p>\n<p>S\u00fa\u010das\u0165ou \u010dinnosti je aj poskytovanie slu\u017eieb v oblasti mont\u00e1\u017ee a \u00fadr\u017eby elektrotechnick\u00fdch zariaden\u00ed. Od 01.01.2003 sa na\u0161a spolo\u010dnos\u0165 zameriava aj na projek\u010dn\u00fa \u010dinnos\u0165 v elektroenergetike, ako aj na meranie, regul\u00e1ciu a na automatiz\u00e1ciu v\u00fdrobn\u00fdch \u010dinnost\u00ed.<\/div>\n<div class=\"one_half last\">\n<p style=\"text-align: center;\"><a href=\"http:\/\/www.elmaxzilina.sk\/wp-content\/uploads\/2014\/03\/o_firme2.jpg\"><img loading=\"lazy\" decoding=\"async\" class=\"aligncenter size-full wp-image-1239\" src=\"http:\/\/www.elmaxzilina.sk\/wp-content\/uploads\/2014\/03\/o_firme2.jpg\" alt=\"elmax\" width=\"640\" height=\"480\" srcset=\"https:\/\/www.elmaxzilina.sk\/wp-content\/uploads\/2014\/03\/o_firme2.jpg 640w, https:\/\/www.elmaxzilina.sk\/wp-content\/uploads\/2014\/03\/o_firme2-300x225.jpg 300w, https:\/\/www.elmaxzilina.sk\/wp-content\/uploads\/2014\/03\/o_firme2-94x70.jpg 94w, https:\/\/www.elmaxzilina.sk\/wp-content\/uploads\/2014\/03\/o_firme2-600x450.jpg 600w\" sizes=\"auto, (max-width: 640px) 100vw, 640px\" \/><\/a><\/p>\n<a class=\"sf-button large accent standard \" href=\"http:\/\/www.elmaxzilina.sk\/wp-content\/uploads\/2014\/03\/ELMAX-\u017dILINA.pptx\" target=\"_self\"><span>Stiahnu\u0165 prezent\u00e1ciu PPT<\/span><\/a>\n<\/div><div class=\"clearboth\"><\/div>\n<p><iframe loading=\"lazy\" width=\"560\" height=\"315\" src=\"https:\/\/www.youtube.com\/embed\/kYTRrBnzrf8?ecver=1\" frameborder=\"0\" allow=\"autoplay; encrypted-media\" allowfullscreen><\/iframe> <iframe loading=\"lazy\" width=\"560\" height=\"315\" src=\"https:\/\/www.youtube.com\/embed\/W6fB-2JjVZs?ecver=1\" frameborder=\"0\" allow=\"autoplay; encrypted-media\" allowfullscreen><\/iframe><\/p>\n\n\t\t<\/div> \n\t<\/div> <\/div>\n <div class=\"row\">\n\t<div class=\"wpb_accordion wpb_content_element span12 not-column-inherit\" data-active=\"0\">\n\t\t\t<h3 class=\"wpb_heading wpb_accordion_heading\"><span>V\u00fdrobn\u00fd a dod\u00e1vate\u013esk\u00fd program spolo\u010dnosti ELMAX \u017dILINA, a.s. je rozdelen\u00fd do troch hlavn\u00fdch l\u00edni\u00ed:<\/span><\/h3>\n\t\t<div class=\"wpb_wrapper wpb_accordion_wrapper \">\n\t\t\t \n\t\t\t<div class=\"wpb_accordion_section group\">\n\t\t\t\t<h3><a href=\"#\">Elektrov\u00fdroba<\/a><\/h3>\n\t\t\t\t<div class=\"row-fluid\">\n\t\t\t\t <div class=\"row\">\n\t<div class=\"wpb_content_element span12 wpb_text_column\">\n\t\t<div class=\"wpb_wrapper clearfix\">\n\t\t\t\n<p>V\u00fdroba rozv\u00e1dza\u010dov n\u00edzkeho nap\u00e4tia pre naj\u0161ir\u0161\u00ed rozsah pou\u017eitia (typizovan\u00e9 i atypick\u00e9, vyr\u00e1ban\u00e9 na z\u00e1klade konkr\u00e9tneho projektu). Pri ich v\u00fdrobe firma pou\u017e\u00edva komponenty renomovan\u00fdch svetov\u00fdch v\u00fdrobcov (Siemens, Allen-Bradley, Eaton, Schneider Electric, SEZ Krompachy, OEZ, Legrand, Schrack Technik, OEZ a \u010fal\u0161\u00edch)<\/p>\n\n\t\t<\/div> \n\t<\/div> <\/div>\n \n\t\t\t\t<\/div>\n\t\t\t<\/div> \n \n\t\t\t<div class=\"wpb_accordion_section group\">\n\t\t\t\t<h3><a href=\"#\">Kovov\u00fdroba<\/a><\/h3>\n\t\t\t\t<div class=\"row-fluid\">\n\t\t\t\t <div class=\"row\">\n\t<div class=\"wpb_content_element span12 wpb_text_column\">\n\t\t<div class=\"wpb_wrapper clearfix\">\n\t\t\t\n<p>Modern\u00e9 technologick\u00e9 vybavenie na spracovanie plechu vr\u00e1tane povrchovej \u00fapravy pr\u00e1\u0161kovou technol\u00f3giou umo\u017e\u0148uje spolo\u010dnosti uv\u00e1dza\u0165 na trh v\u00fdrobky najvy\u0161\u0161ej kvality. Stroj\u00e1rska v\u00fdroba je zabezpe\u010den\u00e1 strojov\u00fdm zariaden\u00edm na delenie, ohra\u0148ovanie a vysek\u00e1vanie komponentov z plechu a zv\u00e1rac\u00edmi pracoviskami. Mechanick\u00e1 \u010das\u0165 v\u00fdroby je \u00fazko prepojen\u00e1 s povrchovou \u00fapravou a pr\u00e1\u0161kov\u00fdm nan\u00e1\u0161an\u00edm farieb. \u010eal\u0161ou s\u00fa\u010das\u0165ou ponuky spolo\u010dnosti v tejto oblasti je aj mo\u017enos\u0165 kooper\u00e1cie s vyu\u017eit\u00edm v\u0161etk\u00fdch technologick\u00fdch oper\u00e1ci\u00ed, ktor\u00e9 m\u00e1 firma zaraden\u00e9 vo svojom technologickom re\u0165azci.<br \/>\nIde najm\u00e4 o:<\/p>\n<ul>\n<li>rezanie na laserovom stroji TruLaser 3030,<\/li>\n<li>vysek\u00e1vanie na CNC vysek\u00e1vacom stroji TruPunch 5000,<\/li>\n<li>ohra\u0148ovanie na ohra\u0148ovac\u00edch lisoch TrumaBend V850S a TruBend 5085,<\/li>\n<li>povrchov\u00e1 \u00faprava pr\u00e1\u0161kovou technol\u00f3giou na linke IDEAL LINE,<\/li>\n<li>zv\u00e1ranie,<\/li>\n<li>CNC nan\u00e1\u0161anie nape\u0148ovan\u00e9ho polyuret\u00e1nov\u00e9ho tesnenia<\/li>\n<\/ul>\n<p>Jedn\u00e1 sa o typizovan\u00e9 aj atypick\u00e9 rozv\u00e1dza\u010dov\u00e9 skrine, \u0161pecializovan\u00e9 skrine, produkty r\u00f4zneho zamerania <!--##############\u0161atn\u00edkov\u00e9 skrine, dielensk\u00fd a kancel\u00e1rsky n\u00e1bytok, reg\u00e1le DOCASNE ODSTRANENE ##############-->a mnoh\u00e9 \u010fal\u0161ie v\u00fdrobky.<\/p>\n\n\t\t<\/div> \n\t<\/div> <\/div>\n \n\t\t\t\t<\/div>\n\t\t\t<\/div> \n \n\t\t\t<div class=\"wpb_accordion_section group\">\n\t\t\t\t<h3><a href=\"#\">Priemyseln\u00e1 automatiz\u00e1cia<\/a><\/h3>\n\t\t\t\t<div class=\"row-fluid\">\n\t\t\t\t <div class=\"row\">\n\t<div class=\"wpb_content_element span12 wpb_text_column\">\n\t\t<div class=\"wpb_wrapper clearfix\">\n\t\t\t\n<p>Komplexn\u00e1 dod\u00e1vka v oblasti automatiz\u00e1cie, elektroovl\u00e1dania a riadenia manipula\u010dnej techniky a technologick\u00fdch procesov na b\u00e1ze riadiacich syst\u00e9mov Siemens S7, Allen-Bradley SLC-500, TECO NS-950 a pod. ELMAX \u017dILINA, a.s. zabezpe\u010duje vytvorenie projektu vr\u00e1tane riadiaceho programu, dod\u00e1vku, mont\u00e1\u017e, o\u017eivenie zariadenia, doladenie programu a servisn\u00fa \u010dinnos\u0165. Mechaniku jednotliv\u00fdch priemyseln\u00fdch liniek spolo\u010dnos\u0165 dok\u00e1\u017ee rie\u0161i\u0165 bu\u010f nasaden\u00edm jedno\u00fa\u010delov\u00fdch manipula\u010dn\u00fdch zariaden\u00ed, alebo priemyseln\u00fdch robotov.<\/p>\n\n\t\t<\/div> \n\t<\/div> <\/div>\n \n\t\t\t\t<\/div>\n\t\t\t<\/div> \n \n\t\t<\/div> \n\t<\/div> <\/div>\n <div class=\"row\">\n\t<div class=\"full-width-text wpb_content_element alt-bg alt-two span12 mb0 bt0 bb0 no-arrow wpb_text_column\">\n\t\t<div class=\"wpb_wrapper clearfix\">\n\t\t\t\n<p style=\"text-align: center;\"><div class=\"one_fourth\"><a href=\"http:\/\/www.elmaxzilina.sk\/wp-content\/uploads\/2014\/04\/ISO_certificate.pdf\"><img decoding=\"async\" class=\"aligncenter  wp-image-1001\" src=\"http:\/\/www.elmaxzilina.sk\/wp-content\/uploads\/2014\/03\/ISO_big.png\" alt=\"ISO 9001\" width=\"180\" \/><\/a><a href=\"http:\/\/www.elmaxzilina.sk\/wp-content\/uploads\/2014\/04\/UL_certificates.pdf\"><img loading=\"lazy\" decoding=\"async\" class=\"aligncenter  wp-image-1005\" style=\"margin-top: 10px; margin-bottom: 10px;\" src=\"http:\/\/www.elmaxzilina.sk\/wp-content\/uploads\/2014\/03\/culus_big.png\" alt=\"C UL US\" width=\"150\" height=\"96\" \/><\/a><span style=\"font-size: 14px; line-height: 1.5em;\"><img decoding=\"async\" class=\"aligncenter  wp-image-1009\" style=\"margin-top: 20px; margin-bottom: 20px;\" src=\"http:\/\/www.elmaxzilina.sk\/wp-content\/uploads\/2014\/03\/ce_big.png\" alt=\"CE\" width=\"90\" srcset=\"https:\/\/www.elmaxzilina.sk\/wp-content\/uploads\/2014\/03\/ce_big.png 160w, https:\/\/www.elmaxzilina.sk\/wp-content\/uploads\/2014\/03\/ce_big-94x70.png 94w\" sizes=\"(max-width: 160px) 100vw, 160px\" \/><\/div>\n<\/span><div class=\"one_fourth\">\n<h3 class=\"wpb_heading wpb_text_heading\">Na\u0161a politika<\/h3>\n<p><b>Z\u00e1kazn\u00edk<\/b>\u00a0ur\u010duje na\u0161e konanie<br \/>\nObchodn\u00fd\u00a0<b>\u00faspech<\/b>\u00a0&#8211; na\u0161a istota<br \/>\nExcelentn\u00fdm veden\u00edm dosahujeme \u0161pi\u010dkov\u00e9\u00a0<b>v\u00fdsledky<br \/>\n<\/b>Zaklad\u00e1me si na stabiln\u00fdch obchodn\u00fdch\u00a0<b>vz\u0165ahoch<br \/>\n<\/b>Rast\u00a0<b>v\u00fdkonnosti<\/b>\u00a0&#8211; na\u0161a perspekt\u00edva<br \/>\nPracujeme s vedom\u00edm spolo\u010denskej\u00a0<b>zodpovednosti<\/b><span style=\"font-size: 14px; line-height: 1.5em;\"><\/div>\n<\/span><div class=\"one_fourth\">\n<h3 class=\"wpb_heading wpb_text_heading\">Na\u0161a kvalita<\/h3>\n<p>Rob\u00edme jednoducho<br \/>\nRob\u00edme v\u0161etko spr\u00e1vne u\u017e od za\u010diatku<br \/>\nUdr\u017eiavame poriadok<br \/>\nZap\u00e1jame vlastn\u00fa zodpovednos\u0165<br \/>\nRozpr\u00e1vame s\u00a0t\u00fdmi spr\u00e1vnymi \u013eu\u010fmi<br \/>\nDodr\u017eiavame term\u00edny<br \/>\nSme otvoren\u00ed nov\u00fdm my\u0161lienkam<br \/>\nKontrolu kvality dodr\u017eiavame d\u00f4kladne<span style=\"line-height: 1.5em;\"><\/div>\n<\/span><div class=\"one_fourth last\">\n<h3 class=\"wpb_heading wpb_text_heading\">Na\u0161a v\u00edzia<\/h3>\n<p>Chceme by\u0165 dlhodobo akt\u00edvnou spolo\u010dnos\u0165ou na slovenskom trhu, charakterizovanou trval\u00fdm profilom a vysok\u00fdm spolo\u010densk\u00fdm kreditom.<\/div><div class=\"clearboth\"><\/div>\n\n\t\t<\/div> \n\t<\/div> <\/div>\n <div class=\"row\"><div class=\"wpb_impact_text wpb_content_element clearfix alt-bg alt-three span12 cta_align_right mb0 mt0 bb0\">\n<div class=\"impact-text-wrap clearfix\">\n<div class=\"wpb_call_text\">\n<h2>M\u00e1te z\u00e1ujem o na\u0161e produkty alebo slu\u017eby?<\/h2>\n<\/div>\n<a class=\"wpb_button sf-button normal accent standard\" href=\"http:\/\/www.elmaxzilina.sk\/kontakt\/\" target=\"_self\"><span>Kontaktujte n\u00e1s<\/span><\/a>\n<\/div>\n<\/div> \n<\/div>\n\n","protected":false},"excerpt":{"rendered":"","protected":false},"author":1,"featured_media":0,"parent":0,"menu_order":0,"comment_status":"closed","ping_status":"open","template":"","meta":{"footnotes":""},"class_list":["post-1327","page","type-page","status-publish","hentry"],"_links":{"self":[{"href":"https:\/\/www.elmaxzilina.sk\/en\/wp-json\/wp\/v2\/pages\/1327","targetHints":{"allow":["GET"]}}],"collection":[{"href":"https:\/\/www.elmaxzilina.sk\/en\/wp-json\/wp\/v2\/pages"}],"about":[{"href":"https:\/\/www.elmaxzilina.sk\/en\/wp-json\/wp\/v2\/types\/page"}],"author":[{"embeddable":true,"href":"https:\/\/www.elmaxzilina.sk\/en\/wp-json\/wp\/v2\/users\/1"}],"replies":[{"embeddable":true,"href":"https:\/\/www.elmaxzilina.sk\/en\/wp-json\/wp\/v2\/comments?post=1327"}],"version-history":[{"count":6,"href":"https:\/\/www.elmaxzilina.sk\/en\/wp-json\/wp\/v2\/pages\/1327\/revisions"}],"predecessor-version":[{"id":14788,"href":"https:\/\/www.elmaxzilina.sk\/en\/wp-json\/wp\/v2\/pages\/1327\/revisions\/14788"}],"wp:attachment":[{"href":"https:\/\/www.elmaxzilina.sk\/en\/wp-json\/wp\/v2\/media?parent=1327"}],"curies":[{"name":"wp","href":"https:\/\/api.w.org\/{rel}","templated":true}]}}